{"id":143,"date":"2018-11-19T16:19:54","date_gmt":"2018-11-19T15:19:54","guid":{"rendered":"http:\/\/tierarzt-wegeler.de\/?page_id=143"},"modified":"2018-11-22T12:16:48","modified_gmt":"2018-11-22T11:16:48","slug":"bewegungstherapie","status":"publish","type":"page","link":"https:\/\/tierarztpraxis-dr-wegeler.de\/?page_id=143","title":{"rendered":"Bewegungstherapie"},"content":{"rendered":"<p>Bei unseren Tieren, wie auch bei uns, gilt: <strong>Was rastet, das rostet<\/strong>.<\/p>\n<p>Es werden 2 Arten der Bewegungstherapie unterschieden:<\/p>\n<p>Bei der <strong>passiven Bewegungstherapie<\/strong> f\u00fchrt der Therapeut die Bewegung des Tieres, um es so wieder an die \u201erichtigen\u201c Bewegungsabl\u00e4ufe zu erinnern und die Gelenke zu ern\u00e4hren. (z.B. indem eine Laufbewegung imitiert wird, Gelenke mit Bewegungseinschr\u00e4nkungen passiv bewegt werden, um so wieder beweglicher zu werden, oder Reflexe ausgel\u00f6st werden, um so trainiert zu werden)<\/p>\n<p>Bei der <strong>aktiven Bewegungstherapie<\/strong> dagegen bewegt sich das Tier frei und soll durch bestimmte, kontrollierte \u00dcbungen Muskulatur aufbauen, Koordination wieder erlernen und Feinmotorik zur\u00fcckgewinnen. Auch f\u00f6rdert dies die Erholung nach Operationen und bei Nervenproblemen.<\/p>\n<p>Naturgem\u00e4\u00df wird die passive BT eher bei sehr schwachen Patienten angewendet und die aktive bei schon etwas Beweglicheren.<\/p>\n","protected":false},"excerpt":{"rendered":"<p>Bei unseren Tieren, wie auch bei uns, gilt: Was rastet, das rostet. Es werden 2 Arten der Bewegungstherapie unterschieden: Bei der passiven Bewegungstherapie f\u00fchrt der Therapeut die Bewegung des Tieres, um es so wieder an die \u201erichtigen\u201c Bewegungsabl\u00e4ufe zu erinnern&hellip; <\/p>\n","protected":false},"author":1,"featured_media":0,"parent":0,"menu_order":0,"comment_status":"closed","ping_status":"closed","template":"","meta":{"footnotes":""},"class_list":["post-143","page","type-page","status-publish","hentry"],"_links":{"self":[{"href":"https:\/\/tierarztpraxis-dr-wegeler.de\/index.php?rest_route=\/wp\/v2\/pages\/143","targetHints":{"allow":["GET"]}}],"collection":[{"href":"https:\/\/tierarztpraxis-dr-wegeler.de\/index.php?rest_route=\/wp\/v2\/pages"}],"about":[{"href":"https:\/\/tierarztpraxis-dr-wegeler.de\/index.php?rest_route=\/wp\/v2\/types\/page"}],"author":[{"embeddable":true,"href":"https:\/\/tierarztpraxis-dr-wegeler.de\/index.php?rest_route=\/wp\/v2\/users\/1"}],"replies":[{"embeddable":true,"href":"https:\/\/tierarztpraxis-dr-wegeler.de\/index.php?rest_route=%2Fwp%2Fv2%2Fcomments&post=143"}],"version-history":[{"count":4,"href":"https:\/\/tierarztpraxis-dr-wegeler.de\/index.php?rest_route=\/wp\/v2\/pages\/143\/revisions"}],"predecessor-version":[{"id":360,"href":"https:\/\/tierarztpraxis-dr-wegeler.de\/index.php?rest_route=\/wp\/v2\/pages\/143\/revisions\/360"}],"wp:attachment":[{"href":"https:\/\/tierarztpraxis-dr-wegeler.de\/index.php?rest_route=%2Fwp%2Fv2%2Fmedia&parent=143"}],"curies":[{"name":"wp","href":"https:\/\/api.w.org\/{rel}","templated":true}]}}